{"id":195,"date":"2025-01-09T15:46:50","date_gmt":"2025-01-09T18:46:50","guid":{"rendered":"https:\/\/evakub.com\/?page_id=195"},"modified":"2025-01-15T13:05:31","modified_gmt":"2025-01-15T16:05:31","slug":"we-talk","status":"publish","type":"page","link":"https:\/\/evakub.com\/pt\/we-talk\/","title":{"rendered":"Conversa fiada"},"content":{"rendered":"<div class=\"wp-block-group has-white-background-color has-background is-layout-constrained wp-container-core-group-is-layout-154a8b7d wp-block-group-is-layout-constrained\" style=\"margin-top:0;margin-bottom:0;padding-top:0px;padding-right:var(--wp--preset--spacing--40);padding-bottom:0px;padding-left:var(--wp--preset--spacing--40)\">\n<div class=\"wp-block-group is-layout-constrained wp-container-core-group-is-layout-3c4d2a7b wp-block-group-is-layout-constrained\" style=\"margin-bottom:60px;padding-top:var(--wp--preset--spacing--40);padding-bottom:var(--wp--preset--spacing--40)\">\n<h3 class=\"wp-block-heading has-text-align-center\" style=\"padding-top:var(--wp--preset--spacing--40);padding-right:var(--wp--preset--spacing--40);padding-bottom:var(--wp--preset--spacing--40);padding-left:var(--wp--preset--spacing--40)\">Transforme Entrevistas com Automa\u00e7\u00e3o<\/h3>\n\n\n\n<p>A transforma\u00e7\u00e3o digital chegou ao mundo das entrevistas com o requalify.ai Interviewer, uma solu\u00e7\u00e3o inovadora que realiza entrevistas de forma aut\u00f4noma pelo WhatsApp. Com essa tecnologia, as organiza\u00e7\u00f5es podem realizar entrevistas sobre qualquer tema com um n\u00famero ilimitado de participantes, utilizando uma das plataformas de mensagens mais populares do mundo. Esta ferramenta \u00e9 perfeita para tarefas como pesquisa de mercado e automatiza\u00e7\u00e3o de processos de recrutamento, economizando tempo e garantindo uma experi\u00eancia mais \u00e1gil e eficiente tanto para o entrevistador quanto para o entrevistado.<\/p>\n\n\n\n<hr class=\"wp-block-separator has-alpha-channel-opacity\"\/>\n\n\n\n<h3 class=\"wp-block-heading has-text-align-center\" style=\"padding-top:var(--wp--preset--spacing--40);padding-right:var(--wp--preset--spacing--40);padding-bottom:var(--wp--preset--spacing--40);padding-left:var(--wp--preset--spacing--40)\">Como funciona?<\/h3>\n<\/div>\n\n\n\n<div class=\"wp-block-group is-layout-constrained wp-container-core-group-is-layout-d3e6027b wp-block-group-is-layout-constrained\" style=\"margin-bottom:0\">\n<div class=\"wp-block-columns is-layout-flex wp-container-core-columns-is-layout-2709eace wp-block-columns-is-layout-flex\">\n<div class=\"wp-block-column is-style-column-hover-border-primary is-layout-flow wp-block-column-is-layout-flow\">\n<div class=\"wp-block-group manifold-services-card has-white-background-color has-background is-layout-constrained wp-container-core-group-is-layout-3dcc9c70 wp-block-group-is-layout-constrained\" style=\"border-radius:10px;padding-top:40px;padding-right:40px;padding-bottom:40px;padding-left:40px\">\n<figure class=\"wp-block-image size-full is-resized\"><img loading=\"lazy\" decoding=\"async\" width=\"100\" height=\"100\" src=\"https:\/\/evakub.com\/wp-content\/uploads\/2025\/01\/interviewer-1.png\" alt=\"\" class=\"wp-image-213\" style=\"aspect-ratio:1;object-fit:cover;width:40px\"\/><\/figure>\n\n\n\n<h4 class=\"wp-block-heading\">Coleta de dados<\/h4>\n\n\n\n<p>O requalify.ai Interviewer opera de forma totalmente autom\u00e1tica, guiando os entrevistados por meio de perguntas din\u00e2micas e coletando respostas em tempo real.<\/p>\n<\/div>\n<\/div>\n\n\n\n<div class=\"wp-block-column is-style-column-hover-border-primary is-layout-flow wp-block-column-is-layout-flow\">\n<div class=\"wp-block-group manifold-services-card has-white-background-color has-background is-layout-constrained wp-container-core-group-is-layout-3dcc9c70 wp-block-group-is-layout-constrained\" style=\"border-radius:10px;padding-top:40px;padding-right:40px;padding-bottom:40px;padding-left:40px\">\n<figure class=\"wp-block-image size-full is-resized\"><img loading=\"lazy\" decoding=\"async\" width=\"100\" height=\"100\" src=\"https:\/\/evakub.com\/wp-content\/uploads\/2025\/01\/interviewer-2.png\" alt=\"\" class=\"wp-image-214\" style=\"aspect-ratio:1;object-fit:cover;width:40px\"\/><\/figure>\n\n\n\n<h4 class=\"wp-block-heading\">Alimentado por IA<\/h4>\n\n\n\n<p>Al\u00e9m da simples coleta de dados, a plataforma utiliza a intelig\u00eancia por tr\u00e1s do requalify.ai para analisar dados e gerar insights.<\/p>\n<\/div>\n<\/div>\n\n\n\n<div class=\"wp-block-column is-style-column-hover-border-primary is-layout-flow wp-block-column-is-layout-flow\">\n<div class=\"wp-block-group manifold-services-card has-white-background-color has-background is-content-justification-center is-layout-constrained wp-container-core-group-is-layout-f3dfae1d wp-block-group-is-layout-constrained\" style=\"border-radius:10px;padding-top:40px;padding-right:40px;padding-bottom:40px;padding-left:40px\">\n<figure class=\"wp-block-image size-full is-resized\"><img loading=\"lazy\" decoding=\"async\" width=\"100\" height=\"100\" src=\"https:\/\/evakub.com\/wp-content\/uploads\/2025\/01\/interviewer-3.png\" alt=\"\" class=\"wp-image-215\" style=\"object-fit:cover;width:40px;height:auto\"\/><\/figure>\n\n\n\n<h4 class=\"wp-block-heading\">Tudo em um<\/h4>\n\n\n\n<p class=\"has-text-align-left\">Uma plataforma intuitiva que fornece uma solu\u00e7\u00e3o completa, desde o processo de aquisi\u00e7\u00e3o e an\u00e1lise de dados at\u00e9 a gera\u00e7\u00e3o de conclus\u00f5es.<\/p>\n<\/div>\n<\/div>\n<\/div>\n<\/div>\n\n\n\n<div class=\"wp-block-group is-layout-constrained wp-container-core-group-is-layout-b24f4049 wp-block-group-is-layout-constrained\" style=\"margin-bottom:60px\">\n<hr class=\"wp-block-separator has-alpha-channel-opacity\" style=\"margin-top:var(--wp--preset--spacing--70);margin-bottom:var(--wp--preset--spacing--70)\"\/>\n\n\n\n<h3 class=\"wp-block-heading has-text-align-center\" style=\"padding-top:var(--wp--preset--spacing--40);padding-right:var(--wp--preset--spacing--40);padding-bottom:var(--wp--preset--spacing--40);padding-left:var(--wp--preset--spacing--40)\">Integra\u00e7\u00e3o oficial com o WhatsApp da Meta<\/h3>\n\n\n\n<p>Para garantir a melhor experi\u00eancia e conformidade, o requalify.ai Interviewer \u00e9 oficialmente integrado \u00e0 API do WhatsApp do Meta\/Facebook. Isso garante estabilidade, alto desempenho e conformidade com os termos de uso da plataforma.<\/p>\n\n\n\n<figure class=\"wp-block-gallery has-nested-images columns-default is-cropped wp-block-gallery-1 is-layout-flex wp-block-gallery-is-layout-flex\">\n<figure class=\"wp-block-image size-full\"><img loading=\"lazy\" decoding=\"async\" width=\"709\" height=\"962\" data-id=\"579\" src=\"https:\/\/evakub.com\/wp-content\/uploads\/2025\/01\/Captura-de-tela-de-2025-01-15-12-46-09-1.png\" alt=\"\" class=\"wp-image-579\" srcset=\"https:\/\/evakub.com\/wp-content\/uploads\/2025\/01\/Captura-de-tela-de-2025-01-15-12-46-09-1.png 709w, https:\/\/evakub.com\/wp-content\/uploads\/2025\/01\/Captura-de-tela-de-2025-01-15-12-46-09-1-221x300.png 221w\" sizes=\"auto, (max-width: 709px) 100vw, 709px\" \/><\/figure>\n\n\n\n<figure class=\"wp-block-image size-full\"><img loading=\"lazy\" decoding=\"async\" width=\"709\" height=\"962\" data-id=\"580\" src=\"https:\/\/evakub.com\/wp-content\/uploads\/2025\/01\/Captura-de-tela-de-2025-01-15-12-46-31-2.png\" alt=\"\" class=\"wp-image-580\" srcset=\"https:\/\/evakub.com\/wp-content\/uploads\/2025\/01\/Captura-de-tela-de-2025-01-15-12-46-31-2.png 709w, https:\/\/evakub.com\/wp-content\/uploads\/2025\/01\/Captura-de-tela-de-2025-01-15-12-46-31-2-221x300.png 221w\" sizes=\"auto, (max-width: 709px) 100vw, 709px\" \/><\/figure>\n<\/figure>\n\n\n\n<hr class=\"wp-block-separator has-alpha-channel-opacity\" style=\"margin-top:var(--wp--preset--spacing--80)\"\/>\n\n\n\n<h3 class=\"wp-block-heading has-text-align-center\" style=\"padding-top:var(--wp--preset--spacing--40);padding-right:var(--wp--preset--spacing--40);padding-bottom:var(--wp--preset--spacing--40);padding-left:var(--wp--preset--spacing--40)\">Conversa\u00e7\u00e3o de texto e \u00e1udio<\/h3>\n\n\n\n<p>Com a capacidade de conduzir entrevistas por meio de mensagens de texto e \u00e1udio, <strong>Entrevistador requalify.ai<\/strong> garante uma comunica\u00e7\u00e3o perfeita, adaptando-se \u00e0s prefer\u00eancias do entrevistado e aumentando o envolvimento em cada intera\u00e7\u00e3o.<\/p>\n\n\n\n<hr class=\"wp-block-separator has-alpha-channel-opacity\" style=\"margin-top:var(--wp--preset--spacing--70)\"\/>\n\n\n\n<h3 class=\"wp-block-heading has-text-align-center\" style=\"padding-top:var(--wp--preset--spacing--40);padding-right:var(--wp--preset--spacing--40);padding-bottom:var(--wp--preset--spacing--40);padding-left:var(--wp--preset--spacing--40)\">A seguran\u00e7a vem em primeiro lugar<\/h3>\n\n\n\n<p>Seguindo padr\u00f5es avan\u00e7ados de seguran\u00e7a da informa\u00e7\u00e3o, o requalify.ai Interviewer garante a prote\u00e7\u00e3o de todos os dados das entrevistas. A comunica\u00e7\u00e3o \u00e9 criptografada e a solu\u00e7\u00e3o segue pr\u00e1ticas rigorosas de acesso e prote\u00e7\u00e3o de dados, alinhadas a regulamenta\u00e7\u00f5es como LGPD e GDPR.<\/p>\n<\/div>\n\n\n\n<hr class=\"wp-block-separator has-alpha-channel-opacity\" style=\"margin-bottom:var(--wp--preset--spacing--60)\"\/>\n\n\n\n<div class=\"wp-block-group is-layout-constrained wp-container-core-group-is-layout-b24f4049 wp-block-group-is-layout-constrained\" style=\"margin-bottom:60px\">\n<h2 class=\"wp-block-heading has-text-align-center\" style=\"padding-top:var(--wp--preset--spacing--40);padding-right:var(--wp--preset--spacing--40);padding-bottom:var(--wp--preset--spacing--40);padding-left:var(--wp--preset--spacing--40)\">Por que escolher o entrevistador requalify.ai?<\/h2>\n\n\n\n<ul class=\"wp-block-list\">\n<li>Automa\u00e7\u00e3o Inteligente: Reduz o tempo e o custo de realiza\u00e7\u00e3o de pesquisas.<\/li>\n\n\n\n<li>Integra\u00e7\u00e3o oficial com o WhatsApp: Comunica\u00e7\u00e3o direta por meio de uma das plataformas mais utilizadas no mundo, especialmente no Brasil.<\/li>\n\n\n\n<li>Acessibilidade: conduza entrevistas por texto ou \u00e1udio, no idioma do entrevistado.<\/li>\n\n\n\n<li>Seguran\u00e7a robusta: prote\u00e7\u00e3o completa de dados e conformidade com regulamenta\u00e7\u00f5es internacionais.<br><\/li>\n<\/ul>\n\n\n\n<h5 class=\"wp-block-heading\" style=\"margin-top:var(--wp--preset--spacing--80)\">O requalify.ai Interviewer \u00e9 mais do que apenas uma ferramenta de automa\u00e7\u00e3o \u2014 \u00e9 uma solu\u00e7\u00e3o completa que eleva os padr\u00f5es de entrevistas, tornando-as mais r\u00e1pidas, seguras e eficientes.<\/h5>\n\n\n\n<div class=\"wp-block-buttons is-horizontal is-content-justification-center is-layout-flex wp-container-core-buttons-is-layout-a13fe9e7 wp-block-buttons-is-layout-flex\" style=\"margin-top:var(--wp--preset--spacing--40);margin-bottom:var(--wp--preset--spacing--30);padding-top:var(--wp--preset--spacing--30);padding-bottom:var(--wp--preset--spacing--70)\">\n<div class=\"wp-block-button is-style-fill\"><a class=\"wp-block-button__link has-background has-text-align-center wp-element-button\" href=\"https:\/\/wa.me\/553291672821?text=Ol%C3%A1,%20tudo%20bem?%20&quot;\" style=\"background-color:#128c7e\" target=\"_blank\" rel=\"noreferrer noopener\">Experimente o requalify.ai Interviewer agora  <\/a><\/div>\n<\/div>\n<\/div>\n<\/div>\n\n\n\n<p><\/p>","protected":false},"excerpt":{"rendered":"<p>Transform Interviews with Automation The digital transformation has reached the world of interviews with requalify.ai Interviewer, an innovative solution that autonomously conducts interviews through WhatsApp. With this technology, organizations can perform interviews on any topic with an unlimited number of participants, leveraging one of the world&#8217;s most popular messaging platforms. This tool is perfect for&#8230;<\/p>","protected":false},"author":1,"featured_media":0,"parent":0,"menu_order":0,"comment_status":"closed","ping_status":"closed","template":"wp-custom-template-we-talk","meta":{"om_disable_all_campaigns":false,"_monsterinsights_skip_tracking":false,"_monsterinsights_sitenote_active":false,"_monsterinsights_sitenote_note":"","_monsterinsights_sitenote_category":0,"_uf_show_specific_survey":0,"_uf_disable_surveys":false,"footnotes":""},"class_list":["post-195","page","type-page","status-publish","hentry"],"aioseo_notices":[],"_links":{"self":[{"href":"https:\/\/evakub.com\/pt\/wp-json\/wp\/v2\/pages\/195","targetHints":{"allow":["GET"]}}],"collection":[{"href":"https:\/\/evakub.com\/pt\/wp-json\/wp\/v2\/pages"}],"about":[{"href":"https:\/\/evakub.com\/pt\/wp-json\/wp\/v2\/types\/page"}],"author":[{"embeddable":true,"href":"https:\/\/evakub.com\/pt\/wp-json\/wp\/v2\/users\/1"}],"replies":[{"embeddable":true,"href":"https:\/\/evakub.com\/pt\/wp-json\/wp\/v2\/comments?post=195"}],"version-history":[{"count":33,"href":"https:\/\/evakub.com\/pt\/wp-json\/wp\/v2\/pages\/195\/revisions"}],"predecessor-version":[{"id":581,"href":"https:\/\/evakub.com\/pt\/wp-json\/wp\/v2\/pages\/195\/revisions\/581"}],"wp:attachment":[{"href":"https:\/\/evakub.com\/pt\/wp-json\/wp\/v2\/media?parent=195"}],"curies":[{"name":"wp","href":"https:\/\/api.w.org\/{rel}","templated":true}]}}