{"id":274,"date":"2025-01-09T20:52:53","date_gmt":"2025-01-09T23:52:53","guid":{"rendered":"https:\/\/evakub.com\/?page_id=274"},"modified":"2025-01-10T10:39:11","modified_gmt":"2025-01-10T13:39:11","slug":"about-us","status":"publish","type":"page","link":"https:\/\/evakub.com\/pt\/about-us\/","title":{"rendered":"Sobre n\u00f3s"},"content":{"rendered":"<p><\/p>\n\n\n\n<div class=\"wp-block-group has-black-background-color has-background is-layout-constrained wp-block-group-is-layout-constrained\" style=\"margin-top:0;margin-bottom:0\">\n<h3 class=\"wp-block-heading has-text-align-center has-primary-color has-text-color has-link-color wp-elements-97fab1afa468b7960f626f21ee6f2055\" style=\"font-size:clamp(31.609px, 1.976rem + ((1vw - 3.2px) * 1.906), 56px);\">Sobre n\u00f3s<\/h3>\n\n\n\n<div class=\"wp-block-group is-layout-constrained wp-container-core-group-is-layout-1d68cf50 wp-block-group-is-layout-constrained\" style=\"margin-top:0;margin-bottom:0;padding-top:120px;padding-right:var(--wp--preset--spacing--40);padding-bottom:120px;padding-left:var(--wp--preset--spacing--40)\">\n<div class=\"wp-block-columns is-layout-flex wp-container-core-columns-is-layout-1297b70e wp-block-columns-is-layout-flex\" style=\"padding-top:0px;padding-right:0;padding-bottom:0px;padding-left:0\">\n<div class=\"wp-block-column is-layout-flow wp-block-column-is-layout-flow\">\n<div class=\"wp-block-cover manifold-aboutus-img\" style=\"border-radius:10px\"><span aria-hidden=\"true\" class=\"wp-block-cover__background has-background-dim-0 has-background-dim\" style=\"background-color:#b6b5b3\"><\/span><img loading=\"lazy\" decoding=\"async\" width=\"869\" height=\"853\" class=\"wp-block-cover__image-background wp-image-93\" alt=\"\" src=\"http:\/\/evakub.com\/wp-content\/uploads\/2024\/12\/Untitled-design-5.png\" data-object-fit=\"cover\" srcset=\"https:\/\/evakub.com\/wp-content\/uploads\/2024\/12\/Untitled-design-5.png 869w, https:\/\/evakub.com\/wp-content\/uploads\/2024\/12\/Untitled-design-5-300x294.png 300w, https:\/\/evakub.com\/wp-content\/uploads\/2024\/12\/Untitled-design-5-768x754.png 768w\" sizes=\"auto, (max-width: 869px) 100vw, 869px\" \/><div class=\"wp-block-cover__inner-container is-layout-constrained wp-block-cover-is-layout-constrained\">\n<p class=\"has-text-align-center has-large-font-size\"><\/p>\n<\/div><\/div>\n<\/div>\n\n\n\n<div class=\"wp-block-column is-vertically-aligned-center is-layout-flow wp-block-column-is-layout-flow\">\n<h4 class=\"wp-block-heading has-text-align-left has-secondary-color has-text-color has-link-color wp-elements-5f5657c12b36bb2de6d9207e73873a1d\" style=\"text-transform:uppercase\">\u2013 Nossa Miss\u00e3o<\/h4>\n\n\n\n<h2 class=\"wp-block-heading\">Impulsionando a inova\u00e7\u00e3o por meio da intelig\u00eancia artificial, transformando dados em insights<\/h2>\n\n\n\n<p class=\"has-primary-color has-text-color has-link-color wp-elements-58e82e7153c4ab759e40094d156bf22d\">Na Evakub, acreditamos no poder transformador da tecnologia para moldar um mundo melhor. Nossa miss\u00e3o \u00e9 ser pioneira no uso da intelig\u00eancia artificial para criar solu\u00e7\u00f5es inovadoras que gerem um impacto significativo tanto em empresas quanto em pesquisadores. Ao transformar dados em insights acion\u00e1veis, impulsionamos tomadas de decis\u00e3o mais inteligentes e estrat\u00e9gias eficientes, mantendo o compromisso de promover o progresso por meio de solu\u00e7\u00f5es de IA de ponta.<\/p>\n\n\n\n<p class=\"has-primary-color has-text-color has-link-color wp-elements-bd94a34cbc293d0f02c2b965dc912630\">Valorizamos n\u00e3o apenas o avan\u00e7o tecnol\u00f3gico, mas tamb\u00e9m o bem-estar do planeta e de seus habitantes. \u00c9 por isso que nos comprometemos a promover um ambiente social e ambientalmente respons\u00e1vel, contribuindo para um futuro mais sustent\u00e1vel. Ao impulsionar a inova\u00e7\u00e3o, buscamos continuamente permanecer na vanguarda, desenvolvendo tecnologias de ponta que revolucionam a maneira como interagimos com o mundo ao nosso redor.<\/p>\n<\/div>\n<\/div>\n\n\n\n<div class=\"wp-block-columns is-layout-flex wp-container-core-columns-is-layout-1297b70e wp-block-columns-is-layout-flex\" style=\"padding-top:0px;padding-right:0;padding-bottom:0px;padding-left:0\">\n<div class=\"wp-block-column is-vertically-aligned-center is-layout-flow wp-block-column-is-layout-flow\">\n<h4 class=\"wp-block-heading has-text-align-left has-secondary-color has-text-color has-link-color wp-elements-175f25856847ec2d9cddfb8e9d7bca20\" style=\"text-transform:uppercase\">\u2013 Nossa vis\u00e3o<\/h4>\n\n\n\n<h2 class=\"wp-block-heading\">Um futuro onde a tecnologia e a sustentabilidade andam de m\u00e3os dadas<\/h2>\n\n\n\n<p class=\"has-primary-color has-text-color has-link-color wp-elements-2a01dc5ebeee7eafc62fd3bf10b006b6\">Nossa vis\u00e3o \u00e9 liderar globalmente na cria\u00e7\u00e3o de tecnologias inovadoras e sustent\u00e1veis que atendam \u00e0s necessidades de hoje e, ao mesmo tempo, antecipem os desafios de amanh\u00e3. Nosso objetivo \u00e9 transformar o mundo com solu\u00e7\u00f5es de intelig\u00eancia artificial que impulsionem a efici\u00eancia, a sustentabilidade e o bem-estar social.<\/p>\n\n\n\n<p class=\"has-primary-color has-text-color has-link-color wp-elements-a4494eda0cbc791542bb45501e779f2f\">Acreditamos na tecnologia como uma for\u00e7a que beneficia tanto a humanidade quanto o meio ambiente. Comprometidos com a inova\u00e7\u00e3o, exploramos novas fronteiras para criar impactos positivos e duradouros. Nosso objetivo \u00e9 um futuro onde a tecnologia e a natureza coexistam em harmonia, conectando e fortalecendo a sociedade.<\/p>\n<\/div>\n\n\n\n<div class=\"wp-block-column is-layout-flow wp-block-column-is-layout-flow\">\n<div class=\"wp-block-cover manifold-aboutus-img\" style=\"border-radius:10px\"><span aria-hidden=\"true\" class=\"wp-block-cover__background has-background-dim-0 has-background-dim\" style=\"background-color:#3d607c\"><\/span><img loading=\"lazy\" decoding=\"async\" width=\"869\" height=\"853\" class=\"wp-block-cover__image-background wp-image-92\" alt=\"\" src=\"http:\/\/evakub.com\/wp-content\/uploads\/2024\/12\/Untitled-design-4.png\" data-object-fit=\"cover\" srcset=\"https:\/\/evakub.com\/wp-content\/uploads\/2024\/12\/Untitled-design-4.png 869w, https:\/\/evakub.com\/wp-content\/uploads\/2024\/12\/Untitled-design-4-300x294.png 300w, https:\/\/evakub.com\/wp-content\/uploads\/2024\/12\/Untitled-design-4-768x754.png 768w\" sizes=\"auto, (max-width: 869px) 100vw, 869px\" \/><div class=\"wp-block-cover__inner-container is-layout-constrained wp-block-cover-is-layout-constrained\">\n<p class=\"has-text-align-center has-large-font-size\"><\/p>\n<\/div><\/div>\n<\/div>\n<\/div>\n<\/div>\n<\/div>\n\n\n\n<div class=\"wp-block-group has-white-background-color has-background is-layout-constrained wp-container-core-group-is-layout-29bd1ba5 wp-block-group-is-layout-constrained\" style=\"margin-top:0;margin-bottom:0;padding-top:0px;padding-right:var(--wp--preset--spacing--40);padding-bottom:100px;padding-left:var(--wp--preset--spacing--40)\">\n<div class=\"wp-block-group is-layout-constrained wp-container-core-group-is-layout-96ad6d9a wp-block-group-is-layout-constrained\">\n<div class=\"wp-block-group is-layout-constrained wp-block-group-is-layout-constrained\">\n<h4 class=\"wp-block-heading has-text-align-center has-secondary-color has-text-color has-link-color wp-elements-94a4163d7f24a016750aa60f90b9749b\" style=\"margin-top:0;margin-bottom:var(--wp--preset--spacing--80);text-transform:uppercase\">\u2013 Nossos Valores Fundamentais<\/h4>\n<\/div>\n<\/div>\n\n\n\n<div class=\"wp-block-columns is-layout-flex wp-container-core-columns-is-layout-c6a03c77 wp-block-columns-is-layout-flex\" style=\"padding-right:var(--wp--preset--spacing--80);padding-left:var(--wp--preset--spacing--80)\">\n<div class=\"wp-block-column is-layout-flow wp-block-column-is-layout-flow\">\n<h2 class=\"wp-block-heading has-text-align-center\">Inova\u00e7\u00e3o<\/h2>\n\n\n\n<p class=\"has-text-align-center has-primary-color has-text-color has-link-color wp-elements-149c748acc4ce2257c360336a53830a2\">N\u00f3s prosperamos ultrapassando limites e adotando novas tecnologias.<\/p>\n<\/div>\n\n\n\n<div class=\"wp-block-column is-layout-flow wp-block-column-is-layout-flow\">\n<h2 class=\"wp-block-heading has-text-align-center\">Colabora\u00e7\u00e3o<\/h2>\n\n\n\n<p class=\"has-text-align-center has-primary-color has-text-color has-link-color wp-elements-a144f7dafa647a579070479515c8b0b2\">Construindo parcerias fortes para fornecer solu\u00e7\u00f5es impactantes.<\/p>\n<\/div>\n\n\n\n<div class=\"wp-block-column is-layout-flow wp-block-column-is-layout-flow\">\n<h2 class=\"wp-block-heading has-text-align-center\">Excel\u00eancia<\/h2>\n\n\n\n<p class=\"has-text-align-center has-primary-color has-text-color has-link-color wp-elements-46024859abef73cfb99872d48ab70bb6\">Buscando os mais altos padr\u00f5es em tudo o que fazemos.<\/p>\n<\/div>\n<\/div>\n<\/div>\n\n\n\n<div class=\"wp-block-group has-white-background-color has-background is-layout-constrained wp-block-group-is-layout-constrained\" style=\"margin-top:0;margin-bottom:0;padding-top:80px\">\n<div class=\"wp-block-group is-layout-constrained wp-container-core-group-is-layout-5c6c2f7c wp-block-group-is-layout-constrained\" style=\"margin-top:0;margin-bottom:0;padding-top:0;padding-right:0;padding-bottom:0;padding-left:0\">\n<div class=\"wp-block-group is-layout-constrained wp-container-core-group-is-layout-36be6810 wp-block-group-is-layout-constrained\">\n<h4 class=\"wp-block-heading has-text-align-center has-secondary-color has-text-color has-link-color wp-elements-424367ece14390303bba588753b32973\" style=\"text-transform:uppercase\">\u2013 Conhe\u00e7a os Fundadores<\/h4>\n<\/div>\n\n\n\n<div class=\"wp-block-group is-content-justification-center is-layout-constrained wp-container-core-group-is-layout-0d717e70 wp-block-group-is-layout-constrained\" style=\"padding-top:0;padding-right:0;padding-bottom:0;padding-left:0\">\n<div class=\"wp-block-columns is-layout-flex wp-container-core-columns-is-layout-07b7b7eb wp-block-columns-is-layout-flex\" style=\"padding-top:0;padding-right:0;padding-bottom:0;padding-left:0\">\n<div class=\"wp-block-column manifold-team-card is-style-default is-layout-flow wp-container-core-column-is-layout-ea00a423 wp-block-column-is-layout-flow\" style=\"padding-top:0;padding-right:0;padding-bottom:0;padding-left:0;flex-basis:531px\">\n<div class=\"wp-block-group is-layout-constrained wp-container-core-group-is-layout-f5817810 wp-block-group-is-layout-constrained\" style=\"margin-bottom:100px;padding-top:var(--wp--preset--spacing--40);padding-right:var(--wp--preset--spacing--40);padding-bottom:var(--wp--preset--spacing--40);padding-left:var(--wp--preset--spacing--40)\">\n<figure class=\"wp-block-image size-full is-resized has-custom-border\"><img loading=\"lazy\" decoding=\"async\" width=\"1200\" height=\"1600\" src=\"http:\/\/evakub.com\/wp-content\/uploads\/2024\/12\/IMG-20240210-WA0016.jpg\" alt=\"\" class=\"wp-image-79\" style=\"border-radius:10px;object-fit:cover;width:350px;height:400px\" srcset=\"https:\/\/evakub.com\/wp-content\/uploads\/2024\/12\/IMG-20240210-WA0016.jpg 1200w, https:\/\/evakub.com\/wp-content\/uploads\/2024\/12\/IMG-20240210-WA0016-225x300.jpg 225w, https:\/\/evakub.com\/wp-content\/uploads\/2024\/12\/IMG-20240210-WA0016-768x1024.jpg 768w, https:\/\/evakub.com\/wp-content\/uploads\/2024\/12\/IMG-20240210-WA0016-1152x1536.jpg 1152w\" sizes=\"auto, (max-width: 1200px) 100vw, 1200px\" \/><\/figure>\n\n\n\n<div class=\"wp-block-group manifold-team-card-group is-layout-constrained wp-container-core-group-is-layout-c58ea8c6 wp-block-group-is-layout-constrained\" style=\"margin-top:0;margin-bottom:0\">\n<p class=\"has-text-align-center\">CEO e cofundador<\/p>\n\n\n\n<h3 class=\"wp-block-heading has-text-align-center\">Felipe Souza<\/h3>\n\n\n\n<p class=\"has-foreground-color has-text-color has-link-color wp-elements-6aa2e5f4cff97047c5946bf9840f2631\">Motivado pela cren\u00e7a em um mundo melhor, sou Cientista da Computa\u00e7\u00e3o com Mestrado em Modelagem Computacional e encontrei na Evakub o lugar perfeito para transformar essa vis\u00e3o em realidade.<\/p>\n<\/div>\n<\/div>\n<\/div>\n\n\n\n<div class=\"wp-block-column manifold-team-card is-style-default is-layout-flow wp-container-core-column-is-layout-343acf9e wp-block-column-is-layout-flow\" style=\"flex-basis:531px\">\n<div class=\"wp-block-group is-layout-constrained wp-container-core-group-is-layout-888e4e3c wp-block-group-is-layout-constrained\" style=\"margin-top:0px;margin-bottom:0px;padding-top:var(--wp--preset--spacing--40);padding-right:var(--wp--preset--spacing--40);padding-bottom:var(--wp--preset--spacing--40);padding-left:var(--wp--preset--spacing--40)\">\n<figure class=\"wp-block-image size-full is-resized has-custom-border\"><img loading=\"lazy\" decoding=\"async\" width=\"682\" height=\"682\" src=\"http:\/\/evakub.com\/wp-content\/uploads\/2024\/12\/WhatsApp-Image-2024-08-25-at-12.04.38-edited.jpg\" alt=\"\" class=\"wp-image-77\" style=\"border-radius:10px;object-fit:cover;width:350px;height:400px\" srcset=\"https:\/\/evakub.com\/wp-content\/uploads\/2024\/12\/WhatsApp-Image-2024-08-25-at-12.04.38-edited.jpg 682w, https:\/\/evakub.com\/wp-content\/uploads\/2024\/12\/WhatsApp-Image-2024-08-25-at-12.04.38-edited-300x300.jpg 300w, https:\/\/evakub.com\/wp-content\/uploads\/2024\/12\/WhatsApp-Image-2024-08-25-at-12.04.38-edited-150x150.jpg 150w\" sizes=\"auto, (max-width: 682px) 100vw, 682px\" \/><\/figure>\n\n\n\n<div class=\"wp-block-group manifold-team-card-group is-layout-constrained wp-container-core-group-is-layout-da70f3a0 wp-block-group-is-layout-constrained\">\n<p class=\"has-text-align-center\">CEO e cofundador<\/p>\n\n\n\n<h3 class=\"wp-block-heading has-text-align-center\">Leonardo Martins<\/h3>\n\n\n\n<p class=\"has-foreground-color has-text-color has-link-color wp-elements-10ce718862cf50fa1328871d5dd4a930\">Professora do Programa de P\u00f3s-Gradua\u00e7\u00e3o em Psicologia Cl\u00ednica da Pontif\u00edcia Universidade Cat\u00f3lica do Rio de Janeiro. Bolsista de pesquisa de diversas ag\u00eancias, incluindo FAPERJ, CAPES e CNPq.<\/p>\n<\/div>\n<\/div>\n<\/div>\n<\/div>\n<\/div>\n<\/div>\n<\/div>","protected":false},"excerpt":{"rendered":"","protected":false},"author":1,"featured_media":0,"parent":0,"menu_order":0,"comment_status":"closed","ping_status":"closed","template":"","meta":{"om_disable_all_campaigns":false,"_monsterinsights_skip_tracking":false,"_monsterinsights_sitenote_active":false,"_monsterinsights_sitenote_note":"","_monsterinsights_sitenote_category":0,"_uf_show_specific_survey":0,"_uf_disable_surveys":false,"footnotes":""},"class_list":["post-274","page","type-page","status-publish","hentry"],"aioseo_notices":[],"_links":{"self":[{"href":"https:\/\/evakub.com\/pt\/wp-json\/wp\/v2\/pages\/274","targetHints":{"allow":["GET"]}}],"collection":[{"href":"https:\/\/evakub.com\/pt\/wp-json\/wp\/v2\/pages"}],"about":[{"href":"https:\/\/evakub.com\/pt\/wp-json\/wp\/v2\/types\/page"}],"author":[{"embeddable":true,"href":"https:\/\/evakub.com\/pt\/wp-json\/wp\/v2\/users\/1"}],"replies":[{"embeddable":true,"href":"https:\/\/evakub.com\/pt\/wp-json\/wp\/v2\/comments?post=274"}],"version-history":[{"count":4,"href":"https:\/\/evakub.com\/pt\/wp-json\/wp\/v2\/pages\/274\/revisions"}],"predecessor-version":[{"id":366,"href":"https:\/\/evakub.com\/pt\/wp-json\/wp\/v2\/pages\/274\/revisions\/366"}],"wp:attachment":[{"href":"https:\/\/evakub.com\/pt\/wp-json\/wp\/v2\/media?parent=274"}],"curies":[{"name":"wp","href":"https:\/\/api.w.org\/{rel}","templated":true}]}}