{"id":345,"date":"2025-01-10T09:40:11","date_gmt":"2025-01-10T12:40:11","guid":{"rendered":"https:\/\/evakub.com\/?page_id=345"},"modified":"2025-01-15T11:20:26","modified_gmt":"2025-01-15T14:20:26","slug":"we-see","status":"publish","type":"page","link":"https:\/\/evakub.com\/pt\/we-see\/","title":{"rendered":"N\u00f3s vemos"},"content":{"rendered":"<div class=\"wp-block-group is-layout-constrained wp-block-group-is-layout-constrained\" style=\"padding-bottom:0\">\n<h1 class=\"wp-block-heading has-text-align-center\" style=\"margin-bottom:var(--wp--preset--spacing--60)\"><strong>Transforme Imagens e V\u00eddeos em Solu\u00e7\u00f5es Estrat\u00e9gicas para o Seu Neg\u00f3cio<\/strong><\/h1>\n\n\n\n<p>Na Evakub, acreditamos que a tecnologia tem o poder de transformar a forma como as empresas operam. Com inova\u00e7\u00e3o e simplicidade, utilizamos vis\u00e3o computacional de ponta para automatizar tarefas complexas, extrair insights valiosos e solucionar desafios cr\u00edticos em diversos setores. Com experi\u00eancia comprovada em varejo, ind\u00fastria e seguran\u00e7a aeroportu\u00e1ria, oferecemos solu\u00e7\u00f5es personalizadas que geram resultados reais.<\/p>\n<\/div>\n\n\n\n<hr class=\"wp-block-separator has-alpha-channel-opacity\" style=\"margin-top:var(--wp--preset--spacing--70);margin-bottom:var(--wp--preset--spacing--70)\"\/>\n\n\n\n<h1 class=\"wp-block-heading has-text-align-center\" style=\"margin-bottom:var(--wp--preset--spacing--70)\"><strong>Solu\u00e7\u00f5es inteligentes que fazem a diferen\u00e7a<\/strong><\/h1>\n\n\n\n<div class=\"wp-block-columns is-layout-flex wp-container-core-columns-is-layout-28f84493 wp-block-columns-is-layout-flex\">\n<div class=\"wp-block-column is-layout-flow wp-block-column-is-layout-flow\">\n<div class=\"wp-block-group is-layout-constrained wp-block-group-is-layout-constrained\">\n<h4 class=\"wp-block-heading has-large-font-size\">Reinventando o Varejo<\/h4>\n\n\n\n<p>No setor varejista, efici\u00eancia e disponibilidade de produtos s\u00e3o essenciais. Nossas tecnologias avan\u00e7adas simplificam esse processo:<\/p>\n\n\n\n<ul class=\"wp-block-list\">\n<li><strong>Detec\u00e7\u00e3o autom\u00e1tica de itens nas prateleiras<\/strong>\n<ul class=\"wp-block-list\">\n<li>Evite rupturas de estoque e garanta a reposi\u00e7\u00e3o em tempo real. Nossa solu\u00e7\u00e3o identifica a quantidade de itens dispon\u00edveis e avisa quando h\u00e1 necessidade de reposi\u00e7\u00e3o, mantendo sua loja sempre abastecida.<\/li>\n<\/ul>\n<\/li>\n\n\n\n<li><strong>Reconhecimento de marca e SKU<\/strong>\n<ul class=\"wp-block-list\">\n<li>Utilizando algoritmos inteligentes, identificamos produtos por marca e SKU, gerando relat\u00f3rios detalhados sobre o seu mix de produtos. Garantimos a conformidade com o contrato e o posicionamento perfeito dos produtos.<\/li>\n<\/ul>\n<\/li>\n<\/ul>\n\n\n\n<p>Tudo para proporcionar uma experi\u00eancia excepcional ao cliente e auxiliar na tomada de decis\u00f5es estrat\u00e9gicas, como promo\u00e7\u00f5es e gest\u00e3o inteligente de estoque.<\/p>\n<\/div>\n<\/div>\n\n\n\n<div class=\"wp-block-column is-layout-flow wp-block-column-is-layout-flow\" style=\"padding-top:var(--wp--preset--spacing--50);padding-bottom:var(--wp--preset--spacing--50)\">\n<figure class=\"wp-block-image aligncenter size-large\"><img loading=\"lazy\" decoding=\"async\" width=\"1024\" height=\"576\" src=\"https:\/\/evakub.com\/wp-content\/uploads\/2025\/01\/retail-1024x576.png\" alt=\"\" class=\"wp-image-380\" srcset=\"https:\/\/evakub.com\/wp-content\/uploads\/2025\/01\/retail-1024x576.png 1024w, https:\/\/evakub.com\/wp-content\/uploads\/2025\/01\/retail-300x169.png 300w, https:\/\/evakub.com\/wp-content\/uploads\/2025\/01\/retail-768x432.png 768w, https:\/\/evakub.com\/wp-content\/uploads\/2025\/01\/retail-1536x864.png 1536w, https:\/\/evakub.com\/wp-content\/uploads\/2025\/01\/retail.png 1920w\" sizes=\"auto, (max-width: 1024px) 100vw, 1024px\" \/><\/figure>\n<\/div>\n<\/div>\n\n\n\n<div class=\"wp-block-columns is-layout-flex wp-container-core-columns-is-layout-a54e0cfc wp-block-columns-is-layout-flex\" style=\"padding-top:var(--wp--preset--spacing--60);padding-bottom:var(--wp--preset--spacing--60)\">\n<div class=\"wp-block-column is-layout-flow wp-block-column-is-layout-flow\" style=\"padding-top:var(--wp--preset--spacing--50);padding-bottom:var(--wp--preset--spacing--50)\">\n<figure class=\"wp-block-image aligncenter size-large\" style=\"margin-top:0;margin-bottom:0\"><img loading=\"lazy\" decoding=\"async\" width=\"1024\" height=\"576\" src=\"https:\/\/evakub.com\/wp-content\/uploads\/2025\/01\/worker-1024x576.png\" alt=\"\" class=\"wp-image-381\" srcset=\"https:\/\/evakub.com\/wp-content\/uploads\/2025\/01\/worker-1024x576.png 1024w, https:\/\/evakub.com\/wp-content\/uploads\/2025\/01\/worker-300x169.png 300w, https:\/\/evakub.com\/wp-content\/uploads\/2025\/01\/worker-768x432.png 768w, https:\/\/evakub.com\/wp-content\/uploads\/2025\/01\/worker-1536x864.png 1536w, https:\/\/evakub.com\/wp-content\/uploads\/2025\/01\/worker.png 1920w\" sizes=\"auto, (max-width: 1024px) 100vw, 1024px\" \/><\/figure>\n<\/div>\n\n\n\n<div class=\"wp-block-column is-layout-flow wp-block-column-is-layout-flow\">\n<div class=\"wp-block-group is-layout-constrained wp-block-group-is-layout-constrained\">\n<h2 class=\"wp-block-heading has-large-font-size\"><strong>Revolucionando a Ind\u00fastria<\/strong><\/h2>\n\n\n\n<p>Ambientes industriais exigem m\u00e1xima seguran\u00e7a e controle. A Evakub traz inova\u00e7\u00e3o ao monitoramento de EPI:<\/p>\n\n\n\n<ul class=\"wp-block-list\">\n<li><strong><strong>Detec\u00e7\u00e3o Autom\u00e1tica de EPI<\/strong><\/strong>\n<ul class=\"wp-block-list\">\n<li>Nossa tecnologia analisa em tempo real se os funcion\u00e1rios est\u00e3o usando capacetes, coletes e outros equipamentos de prote\u00e7\u00e3o obrigat\u00f3rios. Al\u00e9m de aumentar a seguran\u00e7a, gera relat\u00f3rios autom\u00e1ticos para auditorias e conformidade, evitando penalidades e problemas legais.<\/li>\n<\/ul>\n<\/li>\n<\/ul>\n\n\n\n<p>Com essa solu\u00e7\u00e3o, os gestores podem agir instantaneamente identificando irregularidades, prevenindo acidentes e garantindo um ambiente de trabalho mais seguro e produtivo.<\/p>\n<\/div>\n<\/div>\n<\/div>\n\n\n\n<div class=\"wp-block-columns is-layout-flex wp-container-core-columns-is-layout-28f84493 wp-block-columns-is-layout-flex\">\n<div class=\"wp-block-column is-layout-flow wp-block-column-is-layout-flow\">\n<div class=\"wp-block-group is-layout-constrained wp-block-group-is-layout-constrained\">\n<div class=\"wp-block-group is-layout-constrained wp-block-group-is-layout-constrained\">\n<h4 class=\"wp-block-heading has-large-font-size\"><strong>Elevando a seguran\u00e7a do aeroporto<\/strong><\/h4>\n\n\n\n<p>A presen\u00e7a de p\u00e1ssaros em \u00e1reas aeroportu\u00e1rias \u00e9 um risco que n\u00e3o pode ser ignorado. Nossa solu\u00e7\u00e3o inteligente vai al\u00e9m da simples detec\u00e7\u00e3o:<\/p>\n\n\n\n<ul class=\"wp-block-list\">\n<li><strong><strong>Contagem Autom\u00e1tica e Identifica\u00e7\u00e3o de Esp\u00e9cies<\/strong><\/strong>\n<ul class=\"wp-block-list\">\n<li>N\u00e3o apenas contamos as aves, mas tamb\u00e9m identificamos suas esp\u00e9cies. O sistema consulta um banco de dados com os h\u00e1bitos de cada esp\u00e9cie e oferece recomenda\u00e7\u00f5es espec\u00edficas para mitigar riscos. Por exemplo, se uma esp\u00e9cie se alimenta em \u00e1reas gramadas, o sistema sugere verificar e ajustar a altura da grama perto da pista de pouso.<\/li>\n<\/ul>\n<\/li>\n<\/ul>\n\n\n\n<p>Com informa\u00e7\u00f5es em tempo real, os operadores podem tomar decis\u00f5es r\u00e1pidas e eficazes, garantindo um ambiente aeroportu\u00e1rio mais seguro e eficiente.<\/p>\n<\/div>\n<\/div>\n<\/div>\n\n\n\n<div class=\"wp-block-column is-layout-flow wp-block-column-is-layout-flow\" style=\"padding-top:var(--wp--preset--spacing--60);padding-right:0;padding-bottom:var(--wp--preset--spacing--60);padding-left:0\">\n<figure class=\"wp-block-image size-large\"><img loading=\"lazy\" decoding=\"async\" width=\"1024\" height=\"576\" src=\"https:\/\/evakub.com\/wp-content\/uploads\/2025\/01\/airplane-1-1024x576.png\" alt=\"\" class=\"wp-image-383\" srcset=\"https:\/\/evakub.com\/wp-content\/uploads\/2025\/01\/airplane-1-1024x576.png 1024w, https:\/\/evakub.com\/wp-content\/uploads\/2025\/01\/airplane-1-300x169.png 300w, https:\/\/evakub.com\/wp-content\/uploads\/2025\/01\/airplane-1-768x432.png 768w, https:\/\/evakub.com\/wp-content\/uploads\/2025\/01\/airplane-1-1536x864.png 1536w, https:\/\/evakub.com\/wp-content\/uploads\/2025\/01\/airplane-1.png 1920w\" sizes=\"auto, (max-width: 1024px) 100vw, 1024px\" \/><\/figure>\n<\/div>\n<\/div>\n\n\n\n<hr class=\"wp-block-separator has-alpha-channel-opacity\" style=\"margin-top:var(--wp--preset--spacing--70);margin-bottom:var(--wp--preset--spacing--70)\"\/>\n\n\n\n<div class=\"wp-block-group is-layout-constrained wp-container-core-group-is-layout-30e3d411 wp-block-group-is-layout-constrained\" style=\"padding-top:0\">\n<h1 class=\"wp-block-heading has-text-align-center\"><strong>Por que a Evakub \u00e9 a escolha certa para o seu neg\u00f3cio<\/strong><\/h1>\n\n\n\n<div class=\"wp-block-group has-primary-color has-black-background-color has-text-color has-background has-link-color wp-elements-c86b5f26a34be3f47a672c804ba1cac3 is-content-justification-center is-layout-constrained wp-container-core-group-is-layout-e2a3d341 wp-block-group-is-layout-constrained\" style=\"margin-top:var(--wp--preset--spacing--60);margin-bottom:var(--wp--preset--spacing--60);padding-top:0px;padding-right:var(--wp--preset--spacing--80);padding-bottom:0px;padding-left:var(--wp--preset--spacing--80)\">\n<div class=\"wp-block-group is-layout-constrained wp-container-core-group-is-layout-784f3617 wp-block-group-is-layout-constrained\">\n<div class=\"wp-block-columns is-layout-flex wp-container-core-columns-is-layout-bbaf320a wp-block-columns-is-layout-flex\">\n<div class=\"wp-block-column is-layout-flow wp-block-column-is-layout-flow\" style=\"flex-basis:500px\">\n<h4 class=\"wp-block-heading has-primary-color has-text-color has-link-color wp-elements-7d1a515eca58db031d21db10852c319a\" style=\"font-size:clamp(17.371px, 1.086rem + ((1vw - 3.2px) * 0.752), 27px);\"><strong>Simplificando a automa\u00e7\u00e3o<\/strong><\/h4>\n\n\n\n<p class=\"has-primary-color has-text-color has-link-color wp-elements-7799ddc45d540fd919efae1c11073f7a\">Simplificamos os fluxos de trabalho automatizando tarefas repetitivas, liberando sua equipe para se concentrar em inova\u00e7\u00e3o e crescimento. Nossas solu\u00e7\u00f5es personalizadas reduzem erros e aumentam a produtividade sem esfor\u00e7o.<\/p>\n<\/div>\n\n\n\n<div class=\"wp-block-column is-layout-flow wp-block-column-is-layout-flow\" style=\"flex-basis:500px\">\n<h2 class=\"wp-block-heading has-primary-color has-text-color has-link-color wp-elements-ec19f4be593283e9fbc84bd5179c1420\" style=\"font-size:clamp(17.371px, 1.086rem + ((1vw - 3.2px) * 0.752), 27px);\"><strong>Efici\u00eancia que economiza<\/strong><\/h2>\n\n\n\n<p class=\"has-primary-color has-text-color has-link-color wp-elements-8eb292dc5a52da6f52c0fecbb5ac2ce9\">Nossas ferramentas otimizam opera\u00e7\u00f5es, reduzem custos e melhoram a aloca\u00e7\u00e3o de recursos. Ao eliminar gargalos, ajudamos sua empresa a economizar tempo e prevenir perdas de forma eficaz.<\/p>\n<\/div>\n<\/div>\n\n\n\n<div class=\"wp-block-columns is-layout-flex wp-container-core-columns-is-layout-bbaf320a wp-block-columns-is-layout-flex\">\n<div class=\"wp-block-column is-layout-flow wp-block-column-is-layout-flow\" style=\"flex-basis:500px\">\n<h2 class=\"wp-block-heading has-primary-color has-text-color has-link-color wp-elements-6b528d1c435f91752f81636071f2fddf\" style=\"font-size:clamp(17.371px, 1.086rem + ((1vw - 3.2px) * 0.752), 27px);\"><strong>Seguran\u00e7a sem complica\u00e7\u00f5es<\/strong><\/h2>\n\n\n\n<p class=\"has-primary-color has-text-color has-link-color wp-elements-2c0c5007ab28812b5cd92134b04504a3\">Simplificamos a conformidade e a gest\u00e3o de riscos com tecnologias integradas e pr\u00e1ticas. Isso garante que suas opera\u00e7\u00f5es permane\u00e7am seguras, eficientes e sem preocupa\u00e7\u00f5es.<\/p>\n<\/div>\n\n\n\n<div class=\"wp-block-column is-layout-flow wp-block-column-is-layout-flow\" style=\"flex-basis:500px\">\n<h2 class=\"wp-block-heading has-primary-color has-text-color has-link-color wp-elements-dde0288c22ec8170d3816a31a131dd7e\" style=\"font-size:clamp(17.371px, 1.086rem + ((1vw - 3.2px) * 0.752), 27px);\"><strong>Insights que impulsionam<\/strong><\/h2>\n\n\n\n<p class=\"has-primary-color has-text-color has-link-color wp-elements-faea9f0fa1359600003af7fcfe75bcaf\">Obtenha insights precisos e pr\u00e1ticos para embasar decis\u00f5es. Nossas solu\u00e7\u00f5es baseadas em dados ajudam voc\u00ea a identificar tend\u00eancias, descobrir oportunidades e se adaptar com confian\u00e7a.<\/p>\n<\/div>\n<\/div>\n<\/div>\n<\/div>\n<\/div>\n\n\n\n<hr class=\"wp-block-separator has-alpha-channel-opacity\" style=\"margin-top:var(--wp--preset--spacing--70);margin-bottom:var(--wp--preset--spacing--70)\"\/>\n\n\n\n<div class=\"wp-block-group is-layout-constrained wp-container-core-group-is-layout-caa2d89a wp-block-group-is-layout-constrained\" style=\"padding-right:var(--wp--preset--spacing--80);padding-left:var(--wp--preset--spacing--80)\">\n<h2 class=\"wp-block-heading has-text-align-center\"><strong>Inova\u00e7\u00e3o em cada detalhe<\/strong><\/h2>\n\n\n\n<p style=\"margin-right:0;margin-left:0\">Na Evakub, unimos tecnologia avan\u00e7ada e experi\u00eancia pr\u00e1tica. Projetos bem-sucedidos em grandes empresas de varejo, ind\u00fastrias e aeroportos comprovam nosso comprometimento. Adaptamos cada solu\u00e7\u00e3o \u00e0s suas necessidades, entregando resultados que voc\u00ea pode ver e sentir.<\/p>\n<\/div>","protected":false},"excerpt":{"rendered":"<p>Transform Images and Videos into Strategic Solutions for Your Business At Evakub, we believe that technology has the power to transform the way companies operate. With innovation and simplicity, we utilize cutting-edge computer vision to automate complex tasks, extract valuable insights, and solve critical challenges across various sectors. With proven experience in retail, industry, and&#8230;<\/p>","protected":false},"author":1,"featured_media":0,"parent":0,"menu_order":0,"comment_status":"closed","ping_status":"closed","template":"wp-custom-template-we-see","meta":{"om_disable_all_campaigns":false,"_monsterinsights_skip_tracking":false,"_monsterinsights_sitenote_active":false,"_monsterinsights_sitenote_note":"","_monsterinsights_sitenote_category":0,"_uf_show_specific_survey":0,"_uf_disable_surveys":false,"footnotes":""},"class_list":["post-345","page","type-page","status-publish","hentry"],"aioseo_notices":[],"_links":{"self":[{"href":"https:\/\/evakub.com\/pt\/wp-json\/wp\/v2\/pages\/345","targetHints":{"allow":["GET"]}}],"collection":[{"href":"https:\/\/evakub.com\/pt\/wp-json\/wp\/v2\/pages"}],"about":[{"href":"https:\/\/evakub.com\/pt\/wp-json\/wp\/v2\/types\/page"}],"author":[{"embeddable":true,"href":"https:\/\/evakub.com\/pt\/wp-json\/wp\/v2\/users\/1"}],"replies":[{"embeddable":true,"href":"https:\/\/evakub.com\/pt\/wp-json\/wp\/v2\/comments?post=345"}],"version-history":[{"count":16,"href":"https:\/\/evakub.com\/pt\/wp-json\/wp\/v2\/pages\/345\/revisions"}],"predecessor-version":[{"id":552,"href":"https:\/\/evakub.com\/pt\/wp-json\/wp\/v2\/pages\/345\/revisions\/552"}],"wp:attachment":[{"href":"https:\/\/evakub.com\/pt\/wp-json\/wp\/v2\/media?parent=345"}],"curies":[{"name":"wp","href":"https:\/\/api.w.org\/{rel}","templated":true}]}}