{"id":351,"date":"2025-01-10T09:42:08","date_gmt":"2025-01-10T12:42:08","guid":{"rendered":"https:\/\/evakub.com\/?page_id=351"},"modified":"2025-01-10T12:12:56","modified_gmt":"2025-01-10T15:12:56","slug":"manifest","status":"publish","type":"page","link":"https:\/\/evakub.com\/pt\/manifest\/","title":{"rendered":"manifesto"},"content":{"rendered":"<h2 class=\"wp-block-heading has-text-align-center\"><strong>IA para a Humanidade de forma segura, \u00e9tica e escal\u00e1vel<\/strong><\/h2>\n\n\n\n<p>Na evakub, acreditamos que a intelig\u00eancia artificial deve ser mais do que apenas tecnologia \u2014 deve ser uma for\u00e7a transformadora para o bem da humanidade. Nosso compromisso \u00e9 desenvolver solu\u00e7\u00f5es avan\u00e7adas e respons\u00e1veis, projetadas para enfrentar os desafios do mundo real de forma \u00e9tica, sustent\u00e1vel e centrada no ser humano.<\/p>\n\n\n\n<hr class=\"wp-block-separator has-alpha-channel-opacity is-style-default\" style=\"margin-top:var(--wp--preset--spacing--70);margin-bottom:var(--wp--preset--spacing--70)\"\/>\n\n\n\n<h3 class=\"wp-block-heading has-text-align-center\"><strong>Por que fazemos o que fazemos?<\/strong><\/h3>\n\n\n\n<p>Vivemos em um mundo onde os dados s\u00e3o gerados em uma escala sem precedentes e acreditamos que \u00e9 nosso dever transformar esses dados em insights valiosos, promovendo o progresso com responsabilidade. A evakub foi fundada com a miss\u00e3o de alavancar a IA para impactar positivamente empresas, institui\u00e7\u00f5es de pesquisa e a sociedade.<\/p>\n\n\n\n<hr class=\"wp-block-separator has-alpha-channel-opacity\" style=\"margin-top:var(--wp--preset--spacing--70);margin-bottom:var(--wp--preset--spacing--70)\"\/>\n\n\n\n<h3 class=\"wp-block-heading has-text-align-center\"><strong>Nossa abordagem: responsabilidade em primeiro lugar<\/strong><\/h3>\n\n\n\n<div class=\"wp-block-columns is-layout-flex wp-container-core-columns-is-layout-28f84493 wp-block-columns-is-layout-flex\">\n<div class=\"wp-block-column is-layout-flow wp-block-column-is-layout-flow\">\n<h2 class=\"wp-block-heading has-text-align-center\" style=\"font-size:clamp(17.371px, 1.086rem + ((1vw - 3.2px) * 0.752), 27px);\"><strong>Seguran\u00e7a<\/strong><\/h2>\n\n\n\n<p class=\"has-text-align-center\">Todas as nossas solu\u00e7\u00f5es s\u00e3o desenvolvidas com forte foco na prote\u00e7\u00e3o de dados e na integridade do sistema.<\/p>\n<\/div>\n\n\n\n<div class=\"wp-block-column is-layout-flow wp-block-column-is-layout-flow\">\n<h2 class=\"wp-block-heading has-text-align-center\" style=\"font-size:clamp(17.371px, 1.086rem + ((1vw - 3.2px) * 0.752), 27px);\"><strong>Escalabilidade<\/strong><\/h2>\n\n\n\n<p class=\"has-text-align-center\">Nossos produtos e servi\u00e7os s\u00e3o projetados para crescer junto com os desafios e necessidades de nossos clientes, mantendo o compromisso com a qualidade e a efici\u00eancia.<\/p>\n<\/div>\n\n\n\n<div class=\"wp-block-column is-layout-flow wp-block-column-is-layout-flow\">\n<h2 class=\"wp-block-heading has-text-align-center\" style=\"font-size:clamp(17.371px, 1.086rem + ((1vw - 3.2px) * 0.752), 27px);\"><strong>\u00c9tica<\/strong><\/h2>\n\n\n\n<p class=\"has-text-align-center\">Operamos com transpar\u00eancia, garantindo que os aplicativos de IA respeitem a privacidade e promovam a justi\u00e7a.<\/p>\n<\/div>\n<\/div>\n\n\n\n<hr class=\"wp-block-separator has-alpha-channel-opacity\" style=\"margin-top:var(--wp--preset--spacing--70);margin-bottom:var(--wp--preset--spacing--70)\"\/>\n\n\n\n<h3 class=\"wp-block-heading has-text-align-center\"><strong>Inova\u00e7\u00e3o com Impacto Humano<\/strong><\/h3>\n\n\n\n<p>Nosso objetivo n\u00e3o \u00e9 apenas desenvolver tecnologia de ponta, mas tamb\u00e9m garantir que ela contribua para um futuro sustent\u00e1vel e inclusivo. Combinamos intelig\u00eancia artificial com pesquisa human\u00edstica para oferecer solu\u00e7\u00f5es que v\u00e3o al\u00e9m do simples processamento de dados, ajudando a explorar, compreender e valorizar a experi\u00eancia humana.<\/p>\n\n\n\n<hr class=\"wp-block-separator has-alpha-channel-opacity is-style-dots\" style=\"margin-top:var(--wp--preset--spacing--80);margin-bottom:var(--wp--preset--spacing--80)\"\/>\n\n\n\n<h3 class=\"wp-block-heading has-text-align-center\"><strong>Junte-se a n\u00f3s nesta jornada<\/strong>!<\/h3>","protected":false},"excerpt":{"rendered":"<p>IA para a Humanidade de Forma Segura, \u00c9tica e Escal\u00e1vel. Na evakub, acreditamos que a intelig\u00eancia artificial deve ser mais do que apenas tecnologia \u2014 deve ser uma for\u00e7a transformadora para o bem da humanidade. Nosso compromisso \u00e9 desenvolver solu\u00e7\u00f5es avan\u00e7adas e respons\u00e1veis, projetadas para enfrentar os desafios do mundo real de forma \u00e9tica, sustent\u00e1vel e centrada no ser humano\u2026<\/p>","protected":false},"author":1,"featured_media":0,"parent":0,"menu_order":0,"comment_status":"closed","ping_status":"closed","template":"","meta":{"om_disable_all_campaigns":false,"_monsterinsights_skip_tracking":false,"_monsterinsights_sitenote_active":false,"_monsterinsights_sitenote_note":"","_monsterinsights_sitenote_category":0,"_uf_show_specific_survey":0,"_uf_disable_surveys":false,"footnotes":""},"class_list":["post-351","page","type-page","status-publish","hentry"],"aioseo_notices":[],"_links":{"self":[{"href":"https:\/\/evakub.com\/pt\/wp-json\/wp\/v2\/pages\/351","targetHints":{"allow":["GET"]}}],"collection":[{"href":"https:\/\/evakub.com\/pt\/wp-json\/wp\/v2\/pages"}],"about":[{"href":"https:\/\/evakub.com\/pt\/wp-json\/wp\/v2\/types\/page"}],"author":[{"embeddable":true,"href":"https:\/\/evakub.com\/pt\/wp-json\/wp\/v2\/users\/1"}],"replies":[{"embeddable":true,"href":"https:\/\/evakub.com\/pt\/wp-json\/wp\/v2\/comments?post=351"}],"version-history":[{"count":2,"href":"https:\/\/evakub.com\/pt\/wp-json\/wp\/v2\/pages\/351\/revisions"}],"predecessor-version":[{"id":390,"href":"https:\/\/evakub.com\/pt\/wp-json\/wp\/v2\/pages\/351\/revisions\/390"}],"wp:attachment":[{"href":"https:\/\/evakub.com\/pt\/wp-json\/wp\/v2\/media?parent=351"}],"curies":[{"name":"wp","href":"https:\/\/api.w.org\/{rel}","templated":true}]}}