{"id":582,"date":"2025-01-15T13:42:19","date_gmt":"2025-01-15T16:42:19","guid":{"rendered":"https:\/\/evakub.com\/?page_id=582"},"modified":"2025-01-15T15:23:52","modified_gmt":"2025-01-15T18:23:52","slug":"we-hear","status":"publish","type":"page","link":"https:\/\/evakub.com\/pt\/we-hear\/","title":{"rendered":"N\u00f3s ouvimos"},"content":{"rendered":"<h3 class=\"wp-block-heading has-text-align-center\">Transformando vozes em estrat\u00e9gias<br>Solu\u00e7\u00f5es para o seu neg\u00f3cio<\/h3>\n\n\n\n<p>Na Evakub, acreditamos que a tecnologia pode revolucionar a forma como as empresas operam. Com inova\u00e7\u00e3o e simplicidade, utilizamos reconhecimento de \u00e1udio e fala de ponta para automatizar tarefas complexas, extrair insights significativos e enfrentar desafios cr\u00edticos em todos os setores. Com experi\u00eancia comprovada em varejo, atendimento ao cliente, sa\u00fade e muito mais, oferecemos solu\u00e7\u00f5es personalizadas que geram resultados mensur\u00e1veis.<\/p>\n\n\n\n<hr class=\"wp-block-separator has-alpha-channel-opacity\" style=\"margin-top:var(--wp--preset--spacing--70);margin-bottom:var(--wp--preset--spacing--70)\"\/>\n\n\n\n<h3 class=\"wp-block-heading has-text-align-center\" style=\"margin-bottom:var(--wp--preset--spacing--70)\">Solu\u00e7\u00f5es inteligentes que fazem a diferen\u00e7a<\/h3>\n\n\n\n<h2 class=\"wp-block-heading\" style=\"font-size:clamp(17.371px, 1.086rem + ((1vw - 3.2px) * 0.752), 27px);\">Reinventando a experi\u00eancia do cliente com insights de \u00e1udio<\/h2>\n\n\n\n<p>Nos setores de varejo e servi\u00e7os, a comunica\u00e7\u00e3o clara e a compreens\u00e3o das necessidades do cliente s\u00e3o fundamentais. Nossas tecnologias avan\u00e7adas de \u00e1udio simplificam e aprimoram esses processos:<\/p>\n\n\n\n<ul class=\"wp-block-list\">\n<li><strong>Reconhecimento e an\u00e1lise de fala em tempo real<\/strong>\n<ul class=\"wp-block-list\">\n<li>Identifique as prefer\u00eancias dos clientes e melhore a qualidade da intera\u00e7\u00e3o. Ao transcrever e analisar conversas em tempo real, nossas solu\u00e7\u00f5es aprimoram o atendimento ao cliente, garantindo satisfa\u00e7\u00e3o e fidelidade.<\/li>\n<\/ul>\n<\/li>\n\n\n\n<li><strong>An\u00e1lise orientada por voz<\/strong>\n<ul class=\"wp-block-list\">\n<li>Utilizando algoritmos sofisticados, extra\u00edmos insights pr\u00e1ticos de dados de voz. Entenda tend\u00eancias, avalie o desempenho dos agentes e tome decis\u00f5es estrat\u00e9gicas com base em m\u00e9tricas orientadas por voz.<\/li>\n<\/ul>\n<\/li>\n<\/ul>\n\n\n\n<p>Tudo para elevar a experi\u00eancia do cliente e capacitar empresas com dados para impulsionar decis\u00f5es mais inteligentes.<\/p>\n\n\n\n<h2 class=\"wp-block-heading\" style=\"margin-top:var(--wp--preset--spacing--40);font-size:clamp(17.371px, 1.086rem + ((1vw - 3.2px) * 0.752), 27px);\">Revolucionando os sistemas de treinamento e feedback<\/h2>\n\n\n\n<p>Para ind\u00fastrias e organiza\u00e7\u00f5es que dependem de aprendizado cont\u00ednuo, a Evakub transforma a maneira como o treinamento e as avalia\u00e7\u00f5es s\u00e3o conduzidos:<\/p>\n\n\n\n<ul class=\"wp-block-list\">\n<li><strong>Clonagem de voz para simula\u00e7\u00f5es de treinamento<\/strong>\n<ul class=\"wp-block-list\">\n<li>Gere simula\u00e7\u00f5es de voz realistas para ambientes de treinamento, fornecendo aos funcion\u00e1rios cen\u00e1rios realistas para melhorar a tomada de decis\u00f5es e as habilidades em situa\u00e7\u00f5es de alta press\u00e3o.<\/li>\n<\/ul>\n<\/li>\n\n\n\n<li><strong>Transcri\u00e7\u00e3o e Prepara\u00e7\u00e3o de Material Did\u00e1tico<\/strong>\n<ul class=\"wp-block-list\">\n<li>Transforme o \u00e1udio das aulas em valiosos recursos educacionais. Nossa tecnologia transcreve aulas com precis\u00e3o, capturando cada detalhe. Essas transcri\u00e7\u00f5es s\u00e3o ent\u00e3o transformadas em materiais did\u00e1ticos estruturados e f\u00e1ceis de entender, como resumos, guias de estudo e apresenta\u00e7\u00f5es. Isso garante que alunos e educadores tenham acesso a um suporte de aprendizagem de alta qualidade, aprimorando a reten\u00e7\u00e3o de conhecimento e tornando t\u00f3picos complexos mais acess\u00edveis.<\/li>\n<\/ul>\n<\/li>\n<\/ul>\n\n\n\n<p>Com essas ferramentas, as organiza\u00e7\u00f5es podem melhorar o desempenho, promover o crescimento e manter uma vantagem competitiva.<\/p>\n\n\n\n<h2 class=\"wp-block-heading\" style=\"margin-top:var(--wp--preset--spacing--40);font-size:clamp(17.371px, 1.086rem + ((1vw - 3.2px) * 0.752), 27px);\">Elevando a assist\u00eancia m\u00e9dica com IA de voz<\/h2>\n\n\n\n<p>Os ambientes de sa\u00fade exigem efici\u00eancia e precis\u00e3o. A tecnologia de reconhecimento de \u00e1udio da Evakub oferece solu\u00e7\u00f5es inovadoras para aprimorar o atendimento ao paciente:<\/p>\n\n\n\n<ul class=\"wp-block-list\">\n<li><strong>Ditado M\u00e9dico Autom\u00e1tico<\/strong>\n<ul class=\"wp-block-list\">\n<li>Converta anota\u00e7\u00f5es m\u00e9dicas orais em registros precisos e estruturados. Nossa tecnologia acelera a documenta\u00e7\u00e3o, reduz erros e permite que os profissionais de sa\u00fade se concentrem nos pacientes.<\/li>\n<\/ul>\n<\/li>\n\n\n\n<li><strong>An\u00e1lise de intera\u00e7\u00e3o com o paciente<\/strong>\n<ul class=\"wp-block-list\">\n<li>Analise as intera\u00e7\u00f5es m\u00e9dico-paciente para identificar padr\u00f5es, aprimorar estrat\u00e9gias de cuidado e garantir a conformidade com as melhores pr\u00e1ticas.<\/li>\n<\/ul>\n<\/li>\n<\/ul>\n\n\n\n<p>Nossas solu\u00e7\u00f5es otimizam as opera\u00e7\u00f5es e melhoram os resultados, criando um ambiente de sa\u00fade mais seguro e eficaz.<\/p>\n\n\n\n<hr class=\"wp-block-separator has-alpha-channel-opacity\" style=\"margin-top:var(--wp--preset--spacing--70);margin-bottom:var(--wp--preset--spacing--70)\"\/>\n\n\n\n<h2 class=\"wp-block-heading\">Por que o Evakub \u00e9 a escolha certa para suas necessidades de IA de \u00e1udio<\/h2>\n\n\n\n<div class=\"wp-block-group has-primary-color has-black-background-color has-text-color has-background has-link-color wp-elements-e352c41af6b94f52c9cf888a05cbf05f is-content-justification-center is-layout-constrained wp-container-core-group-is-layout-e2a3d341 wp-block-group-is-layout-constrained\" style=\"margin-top:var(--wp--preset--spacing--60);margin-bottom:var(--wp--preset--spacing--60);padding-top:0px;padding-right:var(--wp--preset--spacing--80);padding-bottom:0px;padding-left:var(--wp--preset--spacing--80)\">\n<div class=\"wp-block-group is-layout-constrained wp-container-core-group-is-layout-784f3617 wp-block-group-is-layout-constrained\">\n<div class=\"wp-block-columns is-layout-flex wp-container-core-columns-is-layout-bbaf320a wp-block-columns-is-layout-flex\">\n<div class=\"wp-block-column is-layout-flow wp-block-column-is-layout-flow\" style=\"flex-basis:500px\">\n<h4 class=\"wp-block-heading has-primary-color has-text-color has-link-color wp-elements-7d1a515eca58db031d21db10852c319a\" style=\"font-size:clamp(17.371px, 1.086rem + ((1vw - 3.2px) * 0.752), 27px);\"><strong>Simplificando a automa\u00e7\u00e3o<\/strong><\/h4>\n\n\n\n<p class=\"has-primary-color has-text-color has-link-color wp-elements-1e64028e4f288b87daf4d7f92595ceda\">N\u00f3s simplificamos os fluxos de trabalho automatizando tarefas repetitivas de \u00e1udio, como transcri\u00e7\u00e3o, an\u00e1lise e organiza\u00e7\u00e3o de dados de voz, permitindo que sua equipe se concentre nos objetivos principais.<\/p>\n<\/div>\n\n\n\n<div class=\"wp-block-column is-layout-flow wp-block-column-is-layout-flow\" style=\"flex-basis:500px\">\n<h2 class=\"wp-block-heading has-primary-color has-text-color has-link-color wp-elements-ec19f4be593283e9fbc84bd5179c1420\" style=\"font-size:clamp(17.371px, 1.086rem + ((1vw - 3.2px) * 0.752), 27px);\"><strong>Efici\u00eancia que economiza<\/strong><\/h2>\n\n\n\n<p class=\"has-primary-color has-text-color has-link-color wp-elements-e7413a42a53a0c76993c8b8e63c53a0d\">Nossas ferramentas reduzem o tempo gasto em processos manuais, cortam custos e melhoram a aloca\u00e7\u00e3o de recursos. Ao eliminar inefici\u00eancias, economizamos tempo e dinheiro para sua empresa.<\/p>\n<\/div>\n<\/div>\n\n\n\n<div class=\"wp-block-columns is-layout-flex wp-container-core-columns-is-layout-bbaf320a wp-block-columns-is-layout-flex\">\n<div class=\"wp-block-column is-layout-flow wp-block-column-is-layout-flow\" style=\"flex-basis:500px\">\n<h2 class=\"wp-block-heading has-primary-color has-text-color has-link-color wp-elements-d972c44633a70c441e74772d78f1b6a6\" style=\"font-size:clamp(17.371px, 1.086rem + ((1vw - 3.2px) * 0.752), 27px);\"><strong>Conformidade sem complica\u00e7\u00f5es<\/strong><\/h2>\n\n\n\n<p class=\"has-primary-color has-text-color has-link-color wp-elements-8bb5469c74863a0171324b82c8f98128\">Tecnologias integradas garantem a ades\u00e3o aos padr\u00f5es de privacidade e requisitos regulat\u00f3rios, simplificando o gerenciamento de riscos.<\/p>\n<\/div>\n\n\n\n<div class=\"wp-block-column is-layout-flow wp-block-column-is-layout-flow\" style=\"flex-basis:500px\">\n<h2 class=\"wp-block-heading has-primary-color has-text-color has-link-color wp-elements-1c65047dc7fbdc8d5683788b9f50036d\" style=\"font-size:clamp(17.371px, 1.086rem + ((1vw - 3.2px) * 0.752), 27px);\"><strong>Insights que direcionam decis\u00f5es<\/strong><\/h2>\n\n\n\n<p class=\"has-primary-color has-text-color has-link-color wp-elements-13579a0f4a8d7812d8ab56bb07229677\">Nossas solu\u00e7\u00f5es de dados de \u00e1udio fornecem insights pr\u00e1ticos para descobrir tend\u00eancias, avaliar oportunidades e se adaptar a desafios com confian\u00e7a.<\/p>\n<\/div>\n<\/div>\n<\/div>\n<\/div>\n\n\n\n<p>A Evakub combina tecnologia avan\u00e7ada com expertise pr\u00e1tica. Do varejo \u00e0 sa\u00fade, nossos projetos de sucesso demonstram nossa dedica\u00e7\u00e3o a solu\u00e7\u00f5es personalizadas que geram resultados mensur\u00e1veis. Com a Evakub, transforme vozes em ferramentas poderosas para inova\u00e7\u00e3o e sucesso.<\/p>\n\n\n\n<hr class=\"wp-block-separator has-alpha-channel-opacity\" style=\"margin-top:var(--wp--preset--spacing--70);margin-bottom:var(--wp--preset--spacing--70)\"\/>\n\n\n\n<div class=\"wp-block-group is-layout-constrained wp-block-group-is-layout-constrained\">\n<h2 class=\"wp-block-heading has-text-align-center\">Transformando a Pesquisa Qualitativa com<\/h2>\n\n\n\n<figure class=\"wp-block-image aligncenter size-medium\" style=\"margin-top:var(--wp--preset--spacing--30);margin-bottom:var(--wp--preset--spacing--60)\"><img loading=\"lazy\" decoding=\"async\" width=\"300\" height=\"87\" src=\"https:\/\/evakub.com\/wp-content\/uploads\/2024\/12\/fundo-claro-logo-2-1-300x87.png\" alt=\"\" class=\"wp-image-129\" srcset=\"https:\/\/evakub.com\/wp-content\/uploads\/2024\/12\/fundo-claro-logo-2-1-300x87.png 300w, https:\/\/evakub.com\/wp-content\/uploads\/2024\/12\/fundo-claro-logo-2-1.png 536w\" sizes=\"auto, (max-width: 300px) 100vw, 300px\" \/><\/figure>\n\n\n\n<p>Na Evakub, nosso compromisso em alavancar a tecnologia para inova\u00e7\u00e3o significativa se estende \u00e0 pesquisa qualitativa. <strong>requalificar.ai<\/strong>, uma solu\u00e7\u00e3o de software de \u00faltima gera\u00e7\u00e3o, capacita pesquisadores em todo o meio acad\u00eamico e industrial, revolucionando a forma como dados qualitativos s\u00e3o analisados e interpretados. Adaptada para atender \u00e0s necessidades de pesquisadores qualitativos, esta plataforma combina intelig\u00eancia artificial com design intuitivo para gerar resultados impactantes.<\/p>\n\n\n\n<h4 class=\"wp-block-heading\">Acelerando e aprimorando a pesquisa qualitativa<\/h4>\n\n\n\n<p>Em \u00e1reas como ci\u00eancias sociais, sa\u00fade, marketing e educa\u00e7\u00e3o, a an\u00e1lise de dados qualitativos frequentemente envolve tarefas complexas e demoradas. A Requalify.ai simplifica e otimiza esses processos:<\/p>\n\n\n\n<ul class=\"wp-block-list\">\n<li><strong>Transcri\u00e7\u00e3o e codifica\u00e7\u00e3o automatizadas<\/strong>\n<ul class=\"wp-block-list\">\n<li>Transforme horas de entrevistas gravadas, grupos focais ou dados observacionais em transcri\u00e7\u00f5es precisas e pesquis\u00e1veis. Utilizando IA avan\u00e7ada, a Requalify.ai tamb\u00e9m identifica e codifica temas-chave, economizando tempo valioso dos pesquisadores e permitindo um foco mais preciso na interpreta\u00e7\u00e3o e na estrat\u00e9gia.<\/li>\n<\/ul>\n<\/li>\n\n\n\n<li><strong>An\u00e1lise Tem\u00e1tica Orientada por IA<\/strong>\n<ul class=\"wp-block-list\">\n<li>V\u00e1 al\u00e9m da categoriza\u00e7\u00e3o b\u00e1sica com an\u00e1lises tem\u00e1ticas avan\u00e7adas, impulsionadas por aprendizado de m\u00e1quina. Descubra padr\u00f5es, correla\u00e7\u00f5es e tend\u00eancias diferenciados que fornecem insights mais profundos e embasam a tomada de decis\u00f5es baseadas em evid\u00eancias.<\/li>\n<\/ul>\n<\/li>\n\n\n\n<li><strong>An\u00e1lise entre idiomas<\/strong>\n<ul class=\"wp-block-list\">\n<li>Elimine as barreiras lingu\u00edsticas na pesquisa. A Requalify.ai oferece transcri\u00e7\u00e3o e an\u00e1lise integradas em v\u00e1rios idiomas, garantindo aplicabilidade global e aprimorando a colabora\u00e7\u00e3o em estudos multiculturais.<\/li>\n<\/ul>\n<\/li>\n<\/ul>\n\n\n\n<h4 class=\"wp-block-heading\">Elevando o Impacto da Pesquisa<\/h4>\n\n\n\n<p>Ao integrar o Requalify.ai aos seus fluxos de trabalho, os pesquisadores obt\u00eam as ferramentas necess\u00e1rias para entregar resultados mais r\u00e1pidos, precisos e impactantes. Sua interface intuitiva e seus poderosos recursos de IA democratizam a pesquisa qualitativa, tornando-a acess\u00edvel tanto a profissionais experientes quanto a iniciantes.<\/p>\n\n\n\n<div class=\"wp-block-buttons is-content-justification-center is-layout-flex wp-container-core-buttons-is-layout-a89b3969 wp-block-buttons-is-layout-flex\">\n<div class=\"wp-block-button\"><a class=\"wp-block-button__link wp-element-button\" href=\"http:\/\/requalify.ai\/en\">Visite requalify.ai<\/a><\/div>\n<\/div>\n<\/div>","protected":false},"excerpt":{"rendered":"<p>Transforming Voices into StrategicSolutions for Your Business At Evakub, we believe technology can revolutionize how businesses operate. With innovation and simplicity, we harness cutting-edge audio and speech recognition to automate complex tasks, extract meaningful insights, and address critical challenges across industries. With proven expertise in retail, customer service, healthcare, and more, we deliver tailored solutions&#8230;<\/p>","protected":false},"author":1,"featured_media":0,"parent":0,"menu_order":0,"comment_status":"closed","ping_status":"closed","template":"wp-custom-template-we-hear-2","meta":{"om_disable_all_campaigns":false,"_monsterinsights_skip_tracking":false,"_monsterinsights_sitenote_active":false,"_monsterinsights_sitenote_note":"","_monsterinsights_sitenote_category":0,"_uf_show_specific_survey":0,"_uf_disable_surveys":false,"footnotes":""},"class_list":["post-582","page","type-page","status-publish","hentry"],"aioseo_notices":[],"_links":{"self":[{"href":"https:\/\/evakub.com\/pt\/wp-json\/wp\/v2\/pages\/582","targetHints":{"allow":["GET"]}}],"collection":[{"href":"https:\/\/evakub.com\/pt\/wp-json\/wp\/v2\/pages"}],"about":[{"href":"https:\/\/evakub.com\/pt\/wp-json\/wp\/v2\/types\/page"}],"author":[{"embeddable":true,"href":"https:\/\/evakub.com\/pt\/wp-json\/wp\/v2\/users\/1"}],"replies":[{"embeddable":true,"href":"https:\/\/evakub.com\/pt\/wp-json\/wp\/v2\/comments?post=582"}],"version-history":[{"count":7,"href":"https:\/\/evakub.com\/pt\/wp-json\/wp\/v2\/pages\/582\/revisions"}],"predecessor-version":[{"id":611,"href":"https:\/\/evakub.com\/pt\/wp-json\/wp\/v2\/pages\/582\/revisions\/611"}],"wp:attachment":[{"href":"https:\/\/evakub.com\/pt\/wp-json\/wp\/v2\/media?parent=582"}],"curies":[{"name":"wp","href":"https:\/\/api.w.org\/{rel}","templated":true}]}}